{"id":430,"date":"2023-05-03T08:20:58","date_gmt":"2023-05-03T08:20:58","guid":{"rendered":"http:\/\/tommays.fr\/site\/?page_id=430"},"modified":"2023-05-03T10:12:52","modified_gmt":"2023-05-03T10:12:52","slug":"spectacle-vivant","status":"publish","type":"page","link":"http:\/\/tommays.fr\/site\/projets\/spectacle-vivant\/","title":{"rendered":"spectacle vivant"},"content":{"rendered":"\n<div class=\"wp-block-query alignwide has-global-padding is-layout-constrained wp-block-query-is-layout-constrained\">\n<div class=\"wp-block-group alignwide has-global-padding is-layout-constrained wp-block-group-is-layout-constrained\">\n<div class=\"wp-block-group alignwide has-global-padding is-layout-constrained wp-block-group-is-layout-constrained\"><ul class=\"is-flex-container columns-3 alignwide wp-block-post-template is-layout-flow wp-block-post-template-is-layout-flow\"><li class=\"wp-block-post post-225 jetpack-portfolio type-jetpack-portfolio status-publish format-standard hentry jetpack-portfolio-type-dance jetpack-portfolio-type-improvisation jetpack-portfolio-type-performance jetpack-portfolio-tag-camtrak jetpack-portfolio-tag-instrumental jetpack-portfolio-tag-interaction jetpack-portfolio-tag-live-electronic jetpack-portfolio-tag-performing-arts jetpack-portfolio-tag-real-time\">\n\n<div class=\"wp-block-columns alignwide is-layout-flex wp-container-core-columns-is-layout-d0b3c9c8 wp-block-columns-is-layout-flex\">\n<div class=\"wp-block-column is-layout-flow wp-block-column-is-layout-flow\" style=\"flex-basis:650px\"><h1 style=\"font-style:italic;font-weight:700;line-height:1;text-transform:capitalize; margin-top:0px;margin-right:0px;margin-bottom:9px;margin-left:0px;\" class=\"has-text-align-left alignwide wp-block-post-title has-small-font-size\"><a href=\"http:\/\/tommays.fr\/site\/portfolio\/pieces-utilisant-de-la-camera-tracking\/\" target=\"_self\" >pi\u00e8ces utilisant de la camera tracking<\/a><\/h1>\n\n\n\n\n\n<div style=\"font-size:0.8rem;line-height:1.25;letter-spacing:0px; padding-top:0px;padding-right:0px;padding-bottom:0px;padding-left:0px;margin-top:0px;margin-right:0px;margin-bottom:0px;margin-left:0px;\" class=\"wp-block-post-excerpt\"><p class=\"wp-block-post-excerpt__excerpt\">http:\/\/tmays.free.fr\/proj\/av\/camtrkpiecesfr.html<\/p><p class=\"wp-block-post-excerpt__more-text\"><a class=\"wp-block-post-excerpt__more-link\" href=\"http:\/\/tommays.fr\/site\/portfolio\/pieces-utilisant-de-la-camera-tracking\/\">lire l&#8217;article complet&#8230;<\/a><\/p><\/div>\n\n<div style=\"font-size:0.8rem;font-style:italic;font-weight:400;\" class=\"wp-block-post-date\"><time datetime=\"2008-04-26T09:43:00+00:00\"><a href=\"http:\/\/tommays.fr\/site\/portfolio\/pieces-utilisant-de-la-camera-tracking\/\">Apr 2008<\/a><\/time><\/div><\/div>\n<\/div>\n\n\n\n<hr class=\"wp-block-separator has-css-opacity alignwide is-style-wide is-style-wide--1\"\/>\n\n<\/li><li class=\"wp-block-post post-220 jetpack-portfolio type-jetpack-portfolio status-publish format-standard hentry jetpack-portfolio-type-composition jetpack-portfolio-type-performance jetpack-portfolio-type-theatre jetpack-portfolio-type-video jetpack-portfolio-tag-collaboration jetpack-portfolio-tag-electroacoustic jetpack-portfolio-tag-performing-arts\">\n\n<div class=\"wp-block-columns alignwide is-layout-flex wp-container-core-columns-is-layout-d0b3c9c8 wp-block-columns-is-layout-flex\">\n<div class=\"wp-block-column is-layout-flow wp-block-column-is-layout-flow\" style=\"flex-basis:650px\"><h1 style=\"font-style:italic;font-weight:700;line-height:1;text-transform:capitalize; margin-top:0px;margin-right:0px;margin-bottom:9px;margin-left:0px;\" class=\"has-text-align-left alignwide wp-block-post-title has-small-font-size\"><a href=\"http:\/\/tommays.fr\/site\/portfolio\/realite\/\" target=\"_self\" >r\u00e9alit\u00e9<\/a><\/h1>\n\n\n\n\n\n<div style=\"font-size:0.8rem;line-height:1.25;letter-spacing:0px; padding-top:0px;padding-right:0px;padding-bottom:0px;padding-left:0px;margin-top:0px;margin-right:0px;margin-bottom:0px;margin-left:0px;\" class=\"wp-block-post-excerpt\"><p class=\"wp-block-post-excerpt__excerpt\">2008 site : http:\/\/lespassages.realite.free.fr\/Realite.html<\/p><p class=\"wp-block-post-excerpt__more-text\"><a class=\"wp-block-post-excerpt__more-link\" href=\"http:\/\/tommays.fr\/site\/portfolio\/realite\/\">lire l&#8217;article complet&#8230;<\/a><\/p><\/div>\n\n<div style=\"font-size:0.8rem;font-style:italic;font-weight:400;\" class=\"wp-block-post-date\"><time datetime=\"2008-04-26T09:25:30+00:00\"><a href=\"http:\/\/tommays.fr\/site\/portfolio\/realite\/\">Apr 2008<\/a><\/time><\/div><\/div>\n<\/div>\n\n\n\n<hr class=\"wp-block-separator has-css-opacity alignwide is-style-wide is-style-wide--2\"\/>\n\n<\/li><li class=\"wp-block-post post-218 jetpack-portfolio type-jetpack-portfolio status-publish format-standard has-post-thumbnail hentry jetpack-portfolio-type-dance jetpack-portfolio-type-improvisation jetpack-portfolio-type-performance jetpack-portfolio-tag-camtrak jetpack-portfolio-tag-collaboration jetpack-portfolio-tag-interaction jetpack-portfolio-tag-live-electronic jetpack-portfolio-tag-performing-arts jetpack-portfolio-tag-real-time\">\n\n<div class=\"wp-block-columns alignwide is-layout-flex wp-container-core-columns-is-layout-d0b3c9c8 wp-block-columns-is-layout-flex\">\n<div class=\"wp-block-column is-layout-flow wp-block-column-is-layout-flow\" style=\"flex-basis:650px\"><h1 style=\"font-style:italic;font-weight:700;line-height:1;text-transform:capitalize; margin-top:0px;margin-right:0px;margin-bottom:9px;margin-left:0px;\" class=\"has-text-align-left alignwide wp-block-post-title has-small-font-size\"><a href=\"http:\/\/tommays.fr\/site\/portfolio\/my-space\/\" target=\"_self\" >my space<\/a><\/h1>\n\n<figure style=\"width:150px;height:50px; margin-top:0px;margin-right:0px;margin-bottom:0px;margin-left:0px;\" class=\"alignwide wp-block-post-featured-image\"><a href=\"http:\/\/tommays.fr\/site\/portfolio\/my-space\/\" target=\"_self\"  style=\"height:50px\"><img loading=\"lazy\" decoding=\"async\" width=\"600\" height=\"400\" src=\"http:\/\/tommays.fr\/site\/wp-content\/uploads\/2008\/04\/SPE-MYSPACE08.jpg\" class=\"attachment-post-thumbnail size-post-thumbnail wp-post-image\" alt=\"my space\" style=\"height:50px;object-fit:cover;\" srcset=\"http:\/\/tommays.fr\/site\/wp-content\/uploads\/2008\/04\/SPE-MYSPACE08.jpg 600w, http:\/\/tommays.fr\/site\/wp-content\/uploads\/2008\/04\/SPE-MYSPACE08-300x200.jpg 300w\" sizes=\"auto, (max-width: 600px) 100vw, 600px\" data-attachment-id=\"388\" data-permalink=\"http:\/\/tommays.fr\/site\/portfolio\/my-space\/spe-myspace08\/\" data-orig-file=\"http:\/\/tommays.fr\/site\/wp-content\/uploads\/2008\/04\/SPE-MYSPACE08.jpg\" data-orig-size=\"600,400\" data-comments-opened=\"0\" data-image-meta=\"{&quot;aperture&quot;:&quot;0&quot;,&quot;credit&quot;:&quot;&quot;,&quot;camera&quot;:&quot;&quot;,&quot;caption&quot;:&quot;&quot;,&quot;created_timestamp&quot;:&quot;0&quot;,&quot;copyright&quot;:&quot;&quot;,&quot;focal_length&quot;:&quot;0&quot;,&quot;iso&quot;:&quot;0&quot;,&quot;shutter_speed&quot;:&quot;0&quot;,&quot;title&quot;:&quot;&quot;,&quot;orientation&quot;:&quot;0&quot;}\" data-image-title=\"SPE-MYSPACE08\" data-image-description=\"\" data-image-caption=\"\" data-large-file=\"http:\/\/tommays.fr\/site\/wp-content\/uploads\/2008\/04\/SPE-MYSPACE08.jpg\" \/><\/a><\/figure>\n\n\n\n<div style=\"font-size:0.8rem;line-height:1.25;letter-spacing:0px; padding-top:0px;padding-right:0px;padding-bottom:0px;padding-left:0px;margin-top:0px;margin-right:0px;margin-bottom:0px;margin-left:0px;\" class=\"wp-block-post-excerpt\"><p class=\"wp-block-post-excerpt__excerpt\">2008 spectacle danse \/ musique Olivia Grandville&nbsp;\u2013&nbsp;Tom Mays&nbsp;\u2013&nbsp;J\u00e9r\u00f4me Noetinger cr\u00e9ation 2008 My Space &#8220;Un dispositif compos\u00e9 de trois tables. Celle des deux musiciens, J\u00e9r\u00f4me Noetinger (\u00e9lectro-acoustique) et Tom Mays (dispositif informatique temps r\u00e9el). A la table centrale, une danseuse, Olivia Grandville. Ses mouvements sont film\u00e9s et analys\u00e9s par l&#8217;ordinateur, les signaux ainsi recueillis interviennent sur<\/p><p class=\"wp-block-post-excerpt__more-text\"><a class=\"wp-block-post-excerpt__more-link\" href=\"http:\/\/tommays.fr\/site\/portfolio\/my-space\/\">lire l&#8217;article complet&#8230;<\/a><\/p><\/div>\n\n<div style=\"font-size:0.8rem;font-style:italic;font-weight:400;\" class=\"wp-block-post-date\"><time datetime=\"2008-04-26T09:20:30+00:00\"><a href=\"http:\/\/tommays.fr\/site\/portfolio\/my-space\/\">Apr 2008<\/a><\/time><\/div><\/div>\n<\/div>\n\n\n\n<hr class=\"wp-block-separator has-css-opacity alignwide is-style-wide is-style-wide--3\"\/>\n\n<\/li><li class=\"wp-block-post post-213 jetpack-portfolio type-jetpack-portfolio status-publish format-standard hentry jetpack-portfolio-type-composition jetpack-portfolio-type-dance jetpack-portfolio-type-performance jetpack-portfolio-type-workshop jetpack-portfolio-tag-camtrak jetpack-portfolio-tag-interaction jetpack-portfolio-tag-performing-arts jetpack-portfolio-tag-real-time\">\n\n<div class=\"wp-block-columns alignwide is-layout-flex wp-container-core-columns-is-layout-d0b3c9c8 wp-block-columns-is-layout-flex\">\n<div class=\"wp-block-column is-layout-flow wp-block-column-is-layout-flow\" style=\"flex-basis:650px\"><h1 style=\"font-style:italic;font-weight:700;line-height:1;text-transform:capitalize; margin-top:0px;margin-right:0px;margin-bottom:9px;margin-left:0px;\" class=\"has-text-align-left alignwide wp-block-post-title has-small-font-size\"><a href=\"http:\/\/tommays.fr\/site\/portfolio\/profondeur-de-champ\/\" target=\"_self\" >profondeur de champ<\/a><\/h1>\n\n\n\n\n\n<div style=\"font-size:0.8rem;line-height:1.25;letter-spacing:0px; padding-top:0px;padding-right:0px;padding-bottom:0px;padding-left:0px;margin-top:0px;margin-right:0px;margin-bottom:0px;margin-left:0px;\" class=\"wp-block-post-excerpt\"><p class=\"wp-block-post-excerpt__excerpt\">2007 blog en francais : http:\/\/profondeur.de.champ.free.fr\/wordpress\/ blog in english : http:\/\/depthoffield.free.fr\/wordpress\/<\/p><p class=\"wp-block-post-excerpt__more-text\"><a class=\"wp-block-post-excerpt__more-link\" href=\"http:\/\/tommays.fr\/site\/portfolio\/profondeur-de-champ\/\">lire l&#8217;article complet&#8230;<\/a><\/p><\/div>\n\n<div style=\"font-size:0.8rem;font-style:italic;font-weight:400;\" class=\"wp-block-post-date\"><time datetime=\"2007-04-26T09:11:08+00:00\"><a href=\"http:\/\/tommays.fr\/site\/portfolio\/profondeur-de-champ\/\">Apr 2007<\/a><\/time><\/div><\/div>\n<\/div>\n\n\n\n<hr class=\"wp-block-separator has-css-opacity alignwide is-style-wide is-style-wide--4\"\/>\n\n<\/li><li class=\"wp-block-post post-227 jetpack-portfolio type-jetpack-portfolio status-publish format-standard hentry jetpack-portfolio-type-dance jetpack-portfolio-type-improvisation jetpack-portfolio-type-instrumental jetpack-portfolio-type-performance jetpack-portfolio-tag-camtrak jetpack-portfolio-tag-collaboration jetpack-portfolio-tag-electroacoustic jetpack-portfolio-tag-instrumental jetpack-portfolio-tag-interaction jetpack-portfolio-tag-live-electronic jetpack-portfolio-tag-performing-arts jetpack-portfolio-tag-real-time\">\n\n<div class=\"wp-block-columns alignwide is-layout-flex wp-container-core-columns-is-layout-d0b3c9c8 wp-block-columns-is-layout-flex\">\n<div class=\"wp-block-column is-layout-flow wp-block-column-is-layout-flow\" style=\"flex-basis:650px\"><h1 style=\"font-style:italic;font-weight:700;line-height:1;text-transform:capitalize; margin-top:0px;margin-right:0px;margin-bottom:9px;margin-left:0px;\" class=\"has-text-align-left alignwide wp-block-post-title has-small-font-size\"><a href=\"http:\/\/tommays.fr\/site\/portfolio\/crossroads\/\" target=\"_self\" >crossroads<\/a><\/h1>\n\n\n\n\n\n<div style=\"font-size:0.8rem;line-height:1.25;letter-spacing:0px; padding-top:0px;padding-right:0px;padding-bottom:0px;padding-left:0px;margin-top:0px;margin-right:0px;margin-bottom:0px;margin-left:0px;\" class=\"wp-block-post-excerpt\"><p class=\"wp-block-post-excerpt__excerpt\">2006 http:\/\/tmays.free.fr\/proj\/06\/crossroads\/crossroads.html<\/p><p class=\"wp-block-post-excerpt__more-text\"><a class=\"wp-block-post-excerpt__more-link\" href=\"http:\/\/tommays.fr\/site\/portfolio\/crossroads\/\">lire l&#8217;article complet&#8230;<\/a><\/p><\/div>\n\n<div style=\"font-size:0.8rem;font-style:italic;font-weight:400;\" class=\"wp-block-post-date\"><time datetime=\"2006-04-26T09:48:24+00:00\"><a href=\"http:\/\/tommays.fr\/site\/portfolio\/crossroads\/\">Apr 2006<\/a><\/time><\/div><\/div>\n<\/div>\n\n\n\n<hr class=\"wp-block-separator has-css-opacity alignwide is-style-wide is-style-wide--5\"\/>\n\n<\/li><li class=\"wp-block-post post-211 jetpack-portfolio type-jetpack-portfolio status-publish format-standard hentry jetpack-portfolio-type-dance jetpack-portfolio-type-performance jetpack-portfolio-type-theatre jetpack-portfolio-tag-camtrak jetpack-portfolio-tag-interaction jetpack-portfolio-tag-live-electronic jetpack-portfolio-tag-performing-arts jetpack-portfolio-tag-real-time jetpack-portfolio-tag-sensors\">\n\n<div class=\"wp-block-columns alignwide is-layout-flex wp-container-core-columns-is-layout-d0b3c9c8 wp-block-columns-is-layout-flex\">\n<div class=\"wp-block-column is-layout-flow wp-block-column-is-layout-flow\" style=\"flex-basis:650px\"><h1 style=\"font-style:italic;font-weight:700;line-height:1;text-transform:capitalize; margin-top:0px;margin-right:0px;margin-bottom:9px;margin-left:0px;\" class=\"has-text-align-left alignwide wp-block-post-title has-small-font-size\"><a href=\"http:\/\/tommays.fr\/site\/portfolio\/espaces-indicibles\/\" target=\"_self\" >espaces indicibles<\/a><\/h1>\n\n\n\n\n\n<div style=\"font-size:0.8rem;line-height:1.25;letter-spacing:0px; padding-top:0px;padding-right:0px;padding-bottom:0px;padding-left:0px;margin-top:0px;margin-right:0px;margin-bottom:0px;margin-left:0px;\" class=\"wp-block-post-excerpt\"><p class=\"wp-block-post-excerpt__excerpt\">2006-2007 site officiel : http:\/\/didascalie.net\/tiki-index.php?page=prod-espaces Portraits et paysages, Mulhouse et Wuenheim, sept\/oct 2006 : http:\/\/tmays.free.fr\/proj\/06\/EspacesIndicibles\/espaces1of3\/espaces1of3.html<\/p><p class=\"wp-block-post-excerpt__more-text\"><a class=\"wp-block-post-excerpt__more-link\" href=\"http:\/\/tommays.fr\/site\/portfolio\/espaces-indicibles\/\">lire l&#8217;article complet&#8230;<\/a><\/p><\/div>\n\n<div style=\"font-size:0.8rem;font-style:italic;font-weight:400;\" class=\"wp-block-post-date\"><time datetime=\"2006-04-26T08:45:42+00:00\"><a href=\"http:\/\/tommays.fr\/site\/portfolio\/espaces-indicibles\/\">Apr 2006<\/a><\/time><\/div><\/div>\n<\/div>\n\n\n\n<hr class=\"wp-block-separator has-css-opacity alignwide is-style-wide is-style-wide--6\"\/>\n\n<\/li><\/ul><\/div>\n\n\n<\/div>\n<\/div>\n","protected":false},"excerpt":{"rendered":"","protected":false},"author":1,"featured_media":0,"parent":422,"menu_order":0,"comment_status":"closed","ping_status":"closed","template":"wp-custom-template-page-basic","meta":{"footnotes":""},"class_list":["post-430","page","type-page","status-publish","hentry"],"jetpack_sharing_enabled":true,"jetpack_shortlink":"https:\/\/wp.me\/P2nek0-6W","_links":{"self":[{"href":"http:\/\/tommays.fr\/site\/wp-json\/wp\/v2\/pages\/430","targetHints":{"allow":["GET"]}}],"collection":[{"href":"http:\/\/tommays.fr\/site\/wp-json\/wp\/v2\/pages"}],"about":[{"href":"http:\/\/tommays.fr\/site\/wp-json\/wp\/v2\/types\/page"}],"author":[{"embeddable":true,"href":"http:\/\/tommays.fr\/site\/wp-json\/wp\/v2\/users\/1"}],"replies":[{"embeddable":true,"href":"http:\/\/tommays.fr\/site\/wp-json\/wp\/v2\/comments?post=430"}],"version-history":[{"count":10,"href":"http:\/\/tommays.fr\/site\/wp-json\/wp\/v2\/pages\/430\/revisions"}],"predecessor-version":[{"id":522,"href":"http:\/\/tommays.fr\/site\/wp-json\/wp\/v2\/pages\/430\/revisions\/522"}],"up":[{"embeddable":true,"href":"http:\/\/tommays.fr\/site\/wp-json\/wp\/v2\/pages\/422"}],"wp:attachment":[{"href":"http:\/\/tommays.fr\/site\/wp-json\/wp\/v2\/media?parent=430"}],"curies":[{"name":"wp","href":"https:\/\/api.w.org\/{rel}","templated":true}]}}